{"id":1302,"date":"2023-03-30T13:44:36","date_gmt":"2023-03-30T11:44:36","guid":{"rendered":"https:\/\/www.dutchso.nl\/regenwateropslag\/"},"modified":"2023-04-13T15:57:23","modified_gmt":"2023-04-13T13:57:23","slug":"rainwater-storage","status":"publish","type":"page","link":"https:\/\/www.dutchso.ci\/en\/rainwater-storage\/","title":{"rendered":"Rainwater storage"},"content":{"rendered":"<p>[vc_row rt_row_background_width=&#8221;fullwidth&#8221; rt_row_content_width=&#8221;default&#8221; rt_row_style=&#8221;default-style&#8221; rt_row_height=&#8221;&#8221; rt_column_gaps=&#8221;&#8221; rt_row_shadows=&#8221;&#8221; rt_row_borders=&#8221;&#8221; rt_bg_effect=&#8221;classic&#8221; rt_bg_image_repeat=&#8221;repeat&#8221; rt_bg_size=&#8221;cover&#8221; rt_bg_position=&#8221;right top&#8221; rt_bg_attachment=&#8221;scroll&#8221; rt_bg_layer=&#8221;&#8221; rt_bg_video_format=&#8221;self-hosted&#8221; rt_class=&#8221;rt-5892863&#8243; rt_paddings=&#8221;50,75,,&#8221; rt_margins=&#8221;,,,&#8221; rt_content_margins=&#8221;,,,&#8221; rt_tablet_paddings=&#8221;,,,&#8221; rt_tablet_margins=&#8221;,,,&#8221; rt_tablet_content_margins=&#8221;,,,&#8221; rt_sp_paddings=&#8221;,20,,&#8221; rt_sp_margins=&#8221;,,,&#8221; rt_sp_content_margins=&#8221;,,,&#8221; class=&#8221;vervolgpagina-bedrijf&#8221;][vc_column width=&#8221;3\/5&#8243; rt_bg_effect=&#8221;classic&#8221; rt_bg_image_repeat=&#8221;repeat&#8221; rt_bg_size=&#8221;auto auto&#8221; rt_bg_position=&#8221;right top&#8221; rt_bg_attachment=&#8221;scroll&#8221; rt_class=&#8221;rt-5357004&#8243; rt_margins=&#8221;,&#8221; rt_paddings=&#8221;,,,&#8221; rt_wrapper_paddings=&#8221;,,,&#8221; rt_tablet_margins=&#8221;,&#8221; rt_tablet_paddings=&#8221;,,,&#8221; rt_tablet_wrapper_paddings=&#8221;,,,&#8221; rt_sp_margins=&#8221;,&#8221; rt_sp_paddings=&#8221;,,,&#8221; rt_sp_wrapper_paddings=&#8221;,,,&#8221; rt_bg_color=&#8221;&#8221; rt_bg_overlay_color=&#8221;&#8221;]<div class=\"rt-heading-wrapper rt-5822406\">\n\t\t\t\t\t\t<h1 class=\"rt-heading\" >Rainwater storage<\/h1>\n\t\t\t\t\t<\/div>[vc_column_text]Every living organism on Earth needs some form of water to survive. Organisms lose water through evaporation and excretion, and this must be compensated for. When an organism is unable to take in water for too long, the cells will dry out, which can result in a fatal outcome. Fortunately, it often rains in our country. It would be a shame not to store this free water supply. By installing a rainwater storage system, you can ensure that you can give water to your plants, even if it hasn&#8217;t rained for a long time.[\/vc_column_text]<div class=\"rt-heading-wrapper rt-5082865\">\n\t\t\t\t\t\t<h3 class=\"rt-heading\" >Different types of storage<\/h3>\n\t\t\t\t\t<\/div>[vc_column_text]At Dutchso, we specialize in storing water and other liquids. Each situation requires a different approach. We can provide water tanks, water basins, and water bags, each with its advantages and disadvantages. These types of rainwater storage are mainly intended for the industrial sector, but you can also work on storing rainwater at home. Connect a large rain barrel to the downspout and enjoy extra water for your plants in the summer.[\/vc_column_text]<div class=\"rt-heading-wrapper rt-9875742\">\n\t\t\t\t\t\t<h3 class=\"rt-heading\" >Rainwater storage with Dutchso professionals<\/h3>\n\t\t\t\t\t<\/div>[vc_column_text]Dutchso is an international company specializing in water and energy technology. We provide a large number of products to customers all over the world, including pumps, pipes, fittings, storage tanks, and energy supplies for installations in remote areas. In addition, Dutchso professionals supply a variety of products to the Dutch market, where customers are often found in the utility, shipping, and agricultural sectors. With a large stock of pumps, pipes, and fittings, we can serve our customers within one to two days. At Dutchso, sustainable business practices are highly valued. Therefore, we do everything we can to find the right balance between the environment, society, and entrepreneurs. If you are interested in rainwater storage, please fill out the contact form on our website. We will contact you as soon as possible![\/vc_column_text][\/vc_column][vc_column width=&#8221;2\/5&#8243; rt_bg_effect=&#8221;classic&#8221; rt_bg_image_repeat=&#8221;repeat&#8221; rt_bg_size=&#8221;auto auto&#8221; rt_bg_position=&#8221;right top&#8221; rt_bg_attachment=&#8221;scroll&#8221; rt_class=&#8221;rt-2456850&#8243; class=&#8221;kolom-foto contact-landingspagina&#8221; rt_margins=&#8221;,&#8221; rt_paddings=&#8221;,,,&#8221; rt_wrapper_paddings=&#8221;,,,&#8221; rt_tablet_margins=&#8221;,&#8221; rt_tablet_paddings=&#8221;,,,&#8221; rt_tablet_wrapper_paddings=&#8221;,,,&#8221; rt_sp_margins=&#8221;50,&#8221; rt_sp_paddings=&#8221;,,,&#8221; rt_sp_wrapper_paddings=&#8221;,,,&#8221; rt_bg_color=&#8221;&#8221; rt_bg_overlay_color=&#8221;&#8221;]<div class=\"rt-heading-wrapper rt-6973853\">\n\t\t\t\t\t\t<h1 class=\"rt-heading\" >Contact<\/h1>\n\t\t\t\t\t<\/div>\n<div class=\"wpcf7 no-js\" id=\"wpcf7-f484-o1\" lang=\"nl-NL\" dir=\"ltr\" data-wpcf7-id=\"484\">\n<div class=\"screen-reader-response\"><p role=\"status\" aria-live=\"polite\" aria-atomic=\"true\"><\/p> <ul><\/ul><\/div>\n<form action=\"\/en\/wp-json\/wp\/v2\/pages\/1302#wpcf7-f484-o1\" method=\"post\" class=\"wpcf7-form init\" aria-label=\"Contactformulier\" novalidate=\"novalidate\" data-status=\"init\">\n<fieldset class=\"hidden-fields-container\"><input type=\"hidden\" name=\"_wpcf7\" value=\"484\" \/><input type=\"hidden\" name=\"_wpcf7_version\" value=\"6.1.5\" \/><input type=\"hidden\" name=\"_wpcf7_locale\" value=\"nl_NL\" \/><input type=\"hidden\" name=\"_wpcf7_unit_tag\" value=\"wpcf7-f484-o1\" \/><input type=\"hidden\" name=\"_wpcf7_container_post\" value=\"0\" \/><input type=\"hidden\" name=\"_wpcf7_posted_data_hash\" value=\"\" \/>\n<\/fieldset>\n<div class=\"wpcf7-turnstile cf-turnstile\" data-sitekey=\"0x4AAAAAACBVS1o9zKAZDLnp\" data-response-field-name=\"_wpcf7_turnstile_response\"><\/div>\n\n<table>\n\t<tbody>\n\t\t<tr>\n\t\t\t<td style=\"padding-right: 5px;\">\n\t\t\t\t<p><span class=\"wpcf7-form-control-wrap\" data-name=\"your-name\"><input size=\"40\" maxlength=\"400\" class=\"wpcf7-form-control wpcf7-text wpcf7-validates-as-required\" aria-required=\"true\" aria-invalid=\"false\" placeholder=\"Votre nom *\" value=\"\" type=\"text\" name=\"your-name\" \/><\/span>\n\t\t\t\t<\/p>\n\t\t\t<\/td>\n\t\t\t<td style=\"padding-left: 5px;\">\n\t\t\t\t<p><span class=\"wpcf7-form-control-wrap\" data-name=\"your-adress\"><input size=\"40\" maxlength=\"400\" class=\"wpcf7-form-control wpcf7-text\" aria-invalid=\"false\" placeholder=\"Votre adresse\" value=\"\" type=\"text\" name=\"your-adress\" \/><\/span>\n\t\t\t\t<\/p>\n\t\t\t<\/td>\n\t\t<\/tr>\n\t\t<tr>\n\t\t\t<td style=\"padding-right: 5px;\">\n\t\t\t\t<p><span class=\"wpcf7-form-control-wrap\" data-name=\"your-postal\"><input size=\"40\" maxlength=\"400\" class=\"wpcf7-form-control wpcf7-text\" aria-invalid=\"false\" placeholder=\"Votre code postal\" value=\"\" type=\"text\" name=\"your-postal\" \/><\/span>\n\t\t\t\t<\/p>\n\t\t\t<\/td>\n\t\t\t<td style=\"padding-left: 5px;\">\n\t\t\t\t<p><span class=\"wpcf7-form-control-wrap\" data-name=\"your-city\"><input size=\"40\" maxlength=\"400\" class=\"wpcf7-form-control wpcf7-text\" aria-invalid=\"false\" placeholder=\"Votre ville de r\u00e9sidence\" value=\"\" type=\"text\" name=\"your-city\" \/><\/span>\n\t\t\t\t<\/p>\n\t\t\t<\/td>\n\t\t<\/tr>\n\t\t<tr>\n\t\t\t<td style=\"padding-right: 5px;\">\n\t\t\t\t<p><span class=\"wpcf7-form-control-wrap\" data-name=\"your-phone\"><input size=\"40\" maxlength=\"400\" class=\"wpcf7-form-control wpcf7-tel wpcf7-validates-as-required wpcf7-text wpcf7-validates-as-tel\" aria-required=\"true\" aria-invalid=\"false\" placeholder=\"Votre num\u00e9ro de t\u00e9l\u00e9phone *\" value=\"\" type=\"tel\" name=\"your-phone\" \/><\/span>\n\t\t\t\t<\/p>\n\t\t\t<\/td>\n\t\t\t<td style=\"padding-left: 5px;\">\n\t\t\t\t<p><span class=\"wpcf7-form-control-wrap\" data-name=\"your-email\"><input size=\"40\" maxlength=\"400\" class=\"wpcf7-form-control wpcf7-email wpcf7-validates-as-required wpcf7-text wpcf7-validates-as-email\" aria-required=\"true\" aria-invalid=\"false\" placeholder=\"Votre adresse e-mail *\" value=\"\" type=\"email\" name=\"your-email\" \/><\/span>\n\t\t\t\t<\/p>\n\t\t\t<\/td>\n\t\t<\/tr>\n\t\t<tr>\n\t\t\t<td colspan=\"2\">\n\t\t\t\t<p><span class=\"wpcf7-form-control-wrap\" data-name=\"your-message\"><textarea cols=\"40\" rows=\"5\" maxlength=\"2000\" class=\"wpcf7-form-control wpcf7-textarea wpcf7-validates-as-required\" aria-required=\"true\" aria-invalid=\"false\" placeholder=\"Votre message *\" name=\"your-message\"><\/textarea><\/span>\n\t\t\t\t<\/p>\n\t\t\t<\/td>\n\t\t<\/tr>\n\t\t<tr>\n\t\t\t<td colspan=\"2\">\n\t\t\t\t<p><span class=\"wpcf7-form-control-wrap\" data-name=\"akkoordprivacy\"><span class=\"wpcf7-form-control wpcf7-checkbox wpcf7-validates-as-required\"><span class=\"wpcf7-list-item first last\"><input type=\"checkbox\" name=\"akkoordprivacy[]\" value=\"J&#039;accepte les conditions de confidentialit\u00e9.\" \/><span class=\"wpcf7-list-item-label\">J&#039;accepte les conditions de confidentialit\u00e9.<\/span><\/span><\/span><\/span> Lisez ici nos <a href=\"\/privacyverklaring\/\" target=\"_blank\" rel=\"noopener\">Conditions de confidentialit\u00e9<\/a> (*)\n\t\t\t\t<\/p>\n\t\t\t<\/td>\n\t\t<\/tr>\n\t\t<tr>\n\t\t\t<td colspan=\"2\">\n\t\t\t\t<p><input class=\"wpcf7-form-control wpcf7-submit has-spinner\" type=\"submit\" value=\"Envoyer\" \/>\n\t\t\t\t<\/p>\n\t\t\t<\/td>\n\t\t<\/tr>\n\t<\/tbody>\n<\/table><div class=\"wpcf7-response-output\" aria-hidden=\"true\"><\/div>\n<\/form>\n<\/div>\n[vc_single_image image=&#8221;539&#8243; img_size=&#8221;full&#8221; el_class=&#8221;kolom-foto&#8221; css=&#8221;.vc_custom_1680176644542{padding-top: 25px !important;}&#8221;][\/vc_column][\/vc_row][vc_row rt_row_background_width=&#8221;fullwidth&#8221; rt_row_content_width=&#8221;default&#8221; rt_row_style=&#8221;default-style&#8221; rt_row_height=&#8221;&#8221; rt_column_gaps=&#8221;&#8221; rt_row_shadows=&#8221;&#8221; rt_row_borders=&#8221;&#8221; rt_bg_effect=&#8221;classic&#8221; rt_bg_image_repeat=&#8221;repeat&#8221; rt_bg_size=&#8221;cover&#8221; rt_bg_position=&#8221;right top&#8221; rt_bg_attachment=&#8221;scroll&#8221; rt_bg_layer=&#8221;&#8221; rt_bg_video_format=&#8221;self-hosted&#8221; rt_class=&#8221;rt-5181023&#8243; class=&#8221;contact-rij&#8221; rt_paddings=&#8221;75,0,,&#8221; rt_margins=&#8221;,,,&#8221; rt_content_margins=&#8221;,,,&#8221; rt_tablet_paddings=&#8221;,,,&#8221; rt_tablet_margins=&#8221;,,,&#8221; rt_tablet_content_margins=&#8221;,,,&#8221; rt_sp_paddings=&#8221;,,,&#8221; rt_sp_margins=&#8221;,,,&#8221; rt_sp_content_margins=&#8221;,,,&#8221; rt_bg_color=&#8221;#f7f7f7&#8243;][vc_column rt_bg_effect=&#8221;classic&#8221; rt_bg_image_repeat=&#8221;repeat&#8221; rt_bg_size=&#8221;auto auto&#8221; rt_bg_position=&#8221;right top&#8221; rt_bg_attachment=&#8221;scroll&#8221;][vc_row_inner rt_row_background_width=&#8221;fullwidth&#8221; rt_row_content_width=&#8221;default&#8221; rt_row_style=&#8221;global-style&#8221; rt_row_height=&#8221;&#8221; rt_column_placement=&#8221;middle&#8221; rt_column_gaps=&#8221;&#8221; rt_row_borders=&#8221;&#8221; rt_bg_effect=&#8221;classic&#8221; rt_bg_image_repeat=&#8221;repeat&#8221; rt_bg_size=&#8221;cover&#8221; rt_bg_position=&#8221;right top&#8221; rt_bg_attachment=&#8221;scroll&#8221; rt_bg_layer=&#8221;&#8221; rt_bg_video_format=&#8221;self-hosted&#8221; rt_class=&#8221;rt-7179316&#8243; class=&#8221;contact-kolommen&#8221; rt_paddings=&#8221;25,25,,&#8221; rt_margins=&#8221;,,,&#8221; rt_content_margins=&#8221;,,,&#8221; rt_tablet_paddings=&#8221;,,,&#8221; rt_tablet_margins=&#8221;,,,&#8221; rt_tablet_content_margins=&#8221;,,,&#8221; rt_sp_paddings=&#8221;,,,&#8221; rt_sp_margins=&#8221;,,,&#8221; rt_sp_content_margins=&#8221;,,,&#8221;][vc_column_inner width=&#8221;1\/6&#8243; rt_bg_effect=&#8221;classic&#8221; rt_bg_image_repeat=&#8221;repeat&#8221; rt_bg_size=&#8221;auto auto&#8221; rt_bg_position=&#8221;right top&#8221; rt_bg_attachment=&#8221;scroll&#8221;][vc_single_image image=&#8221;196&#8243; img_size=&#8221;full&#8221;][\/vc_column_inner][vc_column_inner width=&#8221;4\/6&#8243; rt_bg_effect=&#8221;classic&#8221; rt_bg_image_repeat=&#8221;repeat&#8221; rt_bg_size=&#8221;auto auto&#8221; rt_bg_position=&#8221;right top&#8221; rt_bg_attachment=&#8221;scroll&#8221;][vc_raw_html el_class=&#8221;titel-vervolg&#8221;]JTNDaDQlM0VWcmFnZW4lMjBvZiUyMGluZm9ybWF0aWUlM0YlM0MlMkZoNCUzRSUwQSUzQ2gyJTNFTmVlbSUyMHZhbmRhYWclMjBub2clMjB2cmlqYmxpanZlbmQlMjBjb250YWN0JTIwb3AlMjElM0MlMkZoMiUzRQ==[\/vc_raw_html][\/vc_column_inner][vc_column_inner width=&#8221;1\/6&#8243; rt_bg_effect=&#8221;classic&#8221; rt_bg_image_repeat=&#8221;repeat&#8221; rt_bg_size=&#8221;auto auto&#8221; rt_bg_position=&#8221;right top&#8221; rt_bg_attachment=&#8221;scroll&#8221;]<div class=\"button_wrapper \"><a href=\"\/contact\" target=\"_self\" title=\"Contact\" class=\"button_  style-1 big rt-4495659\"><span><span>Contact<\/span><\/span><\/a><\/div><div class=\"button_wrapper \"><a href=\"mailto:info@dutchso.nl\" target=\"_self\" title=\"Mail ons\" class=\"button_  style-1 big rt-4421828\"><span><span>Mail ons<\/span><\/span><\/a><\/div>[\/vc_column_inner][\/vc_row_inner][\/vc_column][\/vc_row]<\/p>\n","protected":false},"excerpt":{"rendered":"<p>[vc_row rt_row_background_width=&#8221;fullwidth&#8221; rt_row_content_width=&#8221;default&#8221; rt_row_style=&#8221;default-style&#8221; rt_row_height=&#8221;&#8221; rt_column_gaps=&#8221;&#8221; rt_row_shadows=&#8221;&#8221; rt_row_borders=&#8221;&#8221; rt_bg_effect=&#8221;classic&#8221; rt_bg_image_repeat=&#8221;repeat&#8221; rt_bg_size=&#8221;cover&#8221; rt_bg_position=&#8221;right top&#8221; rt_bg_attachment=&#8221;scroll&#8221; rt_bg_layer=&#8221;&#8221; rt_bg_video_format=&#8221;self-hosted&#8221; rt_class=&#8221;rt-5892863&#8243; rt_paddings=&#8221;50,75,,&#8221; rt_margins=&#8221;,,,&#8221; rt_content_margins=&#8221;,,,&#8221; rt_tablet_paddings=&#8221;,,,&#8221; rt_tablet_margins=&#8221;,,,&#8221; rt_tablet_content_margins=&#8221;,,,&#8221; rt_sp_paddings=&#8221;,20,,&#8221; rt_sp_margins=&#8221;,,,&#8221; rt_sp_content_margins=&#8221;,,,&#8221; class=&#8221;vervolgpagina-bedrijf&#8221;][vc_column width=&#8221;3\/5&#8243; rt_bg_effect=&#8221;classic&#8221; rt_bg_image_repeat=&#8221;repeat&#8221; rt_bg_size=&#8221;auto auto&#8221; rt_bg_position=&#8221;right top&#8221; rt_bg_attachment=&#8221;scroll&#8221; rt_class=&#8221;rt-5357004&#8243; rt_margins=&#8221;,&#8221; rt_paddings=&#8221;,,,&#8221; rt_wrapper_paddings=&#8221;,,,&#8221; rt_tablet_margins=&#8221;,&#8221; rt_tablet_paddings=&#8221;,,,&#8221; rt_tablet_wrapper_paddings=&#8221;,,,&#8221; rt_sp_margins=&#8221;,&#8221; rt_sp_paddings=&#8221;,,,&#8221; rt_sp_wrapper_paddings=&#8221;,,,&#8221; rt_bg_color=&#8221;&#8221; rt_bg_overlay_color=&#8221;&#8221;][vc_column_text]Every living organism on Earth needs some form of [&hellip;]<\/p>\n","protected":false},"author":1,"featured_media":0,"parent":0,"menu_order":0,"comment_status":"closed","ping_status":"closed","template":"","meta":{"inline_featured_image":false,"footnotes":""},"class_list":["post-1302","page","type-page","status-publish","hentry"],"yoast_head":"<!-- This site is optimized with the Yoast SEO plugin v27.4 - https:\/\/yoast.com\/product\/yoast-seo-wordpress\/ -->\n<title>Rainwater storage - Dutchso<\/title>\n<meta name=\"description\" content=\"Are you looking for rainwater storage? Then you&#039;ve come to the right place with the professionals at Dutchso!\" \/>\n<meta name=\"robots\" content=\"index, follow, max-snippet:-1, max-image-preview:large, max-video-preview:-1\" \/>\n<link rel=\"canonical\" href=\"https:\/\/www.dutchso.ci\/?page_id=1161\" \/>\n<meta property=\"og:locale\" content=\"en_US\" \/>\n<meta property=\"og:type\" content=\"article\" \/>\n<meta property=\"og:title\" content=\"Rainwater storage - Dutchso\" \/>\n<meta property=\"og:description\" content=\"Are you looking for rainwater storage? Then you&#039;ve come to the right place with the professionals at Dutchso!\" \/>\n<meta property=\"og:url\" content=\"https:\/\/www.dutchso.ci\/?page_id=1161\" \/>\n<meta property=\"og:site_name\" content=\"Dutchso\" \/>\n<meta property=\"article:modified_time\" content=\"2023-04-13T13:57:23+00:00\" \/>\n<meta name=\"twitter:card\" content=\"summary_large_image\" \/>\n<meta name=\"twitter:label1\" content=\"Est. reading time\" \/>\n\t<meta name=\"twitter:data1\" content=\"3 minutes\" \/>\n<script type=\"application\/ld+json\" class=\"yoast-schema-graph\">{\"@context\":\"https:\\\/\\\/schema.org\",\"@graph\":[{\"@type\":\"WebPage\",\"@id\":\"https:\\\/\\\/www.dutchso.ci\\\/?page_id=1161\",\"url\":\"https:\\\/\\\/www.dutchso.ci\\\/?page_id=1161\",\"name\":\"Rainwater storage - Dutchso\",\"isPartOf\":{\"@id\":\"https:\\\/\\\/www.dutchso.ci\\\/#website\"},\"datePublished\":\"2023-03-30T11:44:36+00:00\",\"dateModified\":\"2023-04-13T13:57:23+00:00\",\"description\":\"Are you looking for rainwater storage? Then you've come to the right place with the professionals at Dutchso!\",\"breadcrumb\":{\"@id\":\"https:\\\/\\\/www.dutchso.ci\\\/?page_id=1161#breadcrumb\"},\"inLanguage\":\"en-US\",\"potentialAction\":[{\"@type\":\"ReadAction\",\"target\":[\"https:\\\/\\\/www.dutchso.ci\\\/?page_id=1161\"]}]},{\"@type\":\"BreadcrumbList\",\"@id\":\"https:\\\/\\\/www.dutchso.ci\\\/?page_id=1161#breadcrumb\",\"itemListElement\":[{\"@type\":\"ListItem\",\"position\":1,\"name\":\"Home\",\"item\":\"https:\\\/\\\/www.dutchso.ci\\\/en\\\/\"},{\"@type\":\"ListItem\",\"position\":2,\"name\":\"Rainwater storage\"}]},{\"@type\":\"WebSite\",\"@id\":\"https:\\\/\\\/www.dutchso.ci\\\/#website\",\"url\":\"https:\\\/\\\/www.dutchso.ci\\\/\",\"name\":\"Dutchso\",\"description\":\"\",\"potentialAction\":[{\"@type\":\"SearchAction\",\"target\":{\"@type\":\"EntryPoint\",\"urlTemplate\":\"https:\\\/\\\/www.dutchso.ci\\\/?s={search_term_string}\"},\"query-input\":{\"@type\":\"PropertyValueSpecification\",\"valueRequired\":true,\"valueName\":\"search_term_string\"}}],\"inLanguage\":\"en-US\"}]}<\/script>\n<!-- \/ Yoast SEO plugin. -->","yoast_head_json":{"title":"Rainwater storage - Dutchso","description":"Are you looking for rainwater storage? Then you've come to the right place with the professionals at Dutchso!","robots":{"index":"index","follow":"follow","max-snippet":"max-snippet:-1","max-image-preview":"max-image-preview:large","max-video-preview":"max-video-preview:-1"},"canonical":"https:\/\/www.dutchso.ci\/?page_id=1161","og_locale":"en_US","og_type":"article","og_title":"Rainwater storage - Dutchso","og_description":"Are you looking for rainwater storage? Then you've come to the right place with the professionals at Dutchso!","og_url":"https:\/\/www.dutchso.ci\/?page_id=1161","og_site_name":"Dutchso","article_modified_time":"2023-04-13T13:57:23+00:00","twitter_card":"summary_large_image","twitter_misc":{"Est. reading time":"3 minutes"},"schema":{"@context":"https:\/\/schema.org","@graph":[{"@type":"WebPage","@id":"https:\/\/www.dutchso.ci\/?page_id=1161","url":"https:\/\/www.dutchso.ci\/?page_id=1161","name":"Rainwater storage - Dutchso","isPartOf":{"@id":"https:\/\/www.dutchso.ci\/#website"},"datePublished":"2023-03-30T11:44:36+00:00","dateModified":"2023-04-13T13:57:23+00:00","description":"Are you looking for rainwater storage? Then you've come to the right place with the professionals at Dutchso!","breadcrumb":{"@id":"https:\/\/www.dutchso.ci\/?page_id=1161#breadcrumb"},"inLanguage":"en-US","potentialAction":[{"@type":"ReadAction","target":["https:\/\/www.dutchso.ci\/?page_id=1161"]}]},{"@type":"BreadcrumbList","@id":"https:\/\/www.dutchso.ci\/?page_id=1161#breadcrumb","itemListElement":[{"@type":"ListItem","position":1,"name":"Home","item":"https:\/\/www.dutchso.ci\/en\/"},{"@type":"ListItem","position":2,"name":"Rainwater storage"}]},{"@type":"WebSite","@id":"https:\/\/www.dutchso.ci\/#website","url":"https:\/\/www.dutchso.ci\/","name":"Dutchso","description":"","potentialAction":[{"@type":"SearchAction","target":{"@type":"EntryPoint","urlTemplate":"https:\/\/www.dutchso.ci\/?s={search_term_string}"},"query-input":{"@type":"PropertyValueSpecification","valueRequired":true,"valueName":"search_term_string"}}],"inLanguage":"en-US"}]}},"_links":{"self":[{"href":"https:\/\/www.dutchso.ci\/en\/wp-json\/wp\/v2\/pages\/1302","targetHints":{"allow":["GET"]}}],"collection":[{"href":"https:\/\/www.dutchso.ci\/en\/wp-json\/wp\/v2\/pages"}],"about":[{"href":"https:\/\/www.dutchso.ci\/en\/wp-json\/wp\/v2\/types\/page"}],"author":[{"embeddable":true,"href":"https:\/\/www.dutchso.ci\/en\/wp-json\/wp\/v2\/users\/1"}],"replies":[{"embeddable":true,"href":"https:\/\/www.dutchso.ci\/en\/wp-json\/wp\/v2\/comments?post=1302"}],"version-history":[{"count":1,"href":"https:\/\/www.dutchso.ci\/en\/wp-json\/wp\/v2\/pages\/1302\/revisions"}],"predecessor-version":[{"id":1303,"href":"https:\/\/www.dutchso.ci\/en\/wp-json\/wp\/v2\/pages\/1302\/revisions\/1303"}],"wp:attachment":[{"href":"https:\/\/www.dutchso.ci\/en\/wp-json\/wp\/v2\/media?parent=1302"}],"curies":[{"name":"wp","href":"https:\/\/api.w.org\/{rel}","templated":true}]}}